{"id":295,"date":"2026-02-04T04:43:06","date_gmt":"2026-02-04T04:43:06","guid":{"rendered":"https:\/\/www.moonlightdentalcare.com\/sobre-nosotros\/"},"modified":"2026-04-22T01:01:02","modified_gmt":"2026-04-22T01:01:02","slug":"sobre-nosotros","status":"publish","type":"page","link":"https:\/\/www.moonlightdentalcare.com\/es\/sobre-nosotros\/","title":{"rendered":"Sobre nosotros"},"content":{"rendered":"<section class=\"l-section wpb_row pgheader height_auto with_img\"><div class=\"l-section-img\" role=\"img\" aria-label=\"Imagen\" data-img-width=\"1920\" data-img-height=\"726\" style=\"background-image: url(https:\/\/i0.wp.com\/www.moonlightdentalcare.com\/wp-content\/uploads\/2026\/02\/bg.webp?fit=1920%2C726&#038;ssl=1);background-repeat: no-repeat;\"><\/div><div class=\"l-section-h i-cf\"><div class=\"g-cols vc_row via_flex valign_top type_default stacking_default\"><div class=\"vc_col-sm-5 wpb_column vc_column_container position_relative\"><div class=\"vc_column-inner\"><div class=\"wpb_wrapper\"><div class=\"w-image us_custom_10f97600 align_center\"><div class=\"w-image-h\"><img decoding=\"async\" width=\"400\" height=\"400\" src=\"https:\/\/i0.wp.com\/www.moonlightdentalcare.com\/wp-content\/uploads\/2026\/02\/moonlight-logo.png?fit=400%2C400&amp;ssl=1\" class=\"attachment-full size-full\" alt=\"\" loading=\"lazy\" srcset=\"https:\/\/i0.wp.com\/www.moonlightdentalcare.com\/wp-content\/uploads\/2026\/02\/moonlight-logo.png?w=400&amp;ssl=1 400w, https:\/\/i0.wp.com\/www.moonlightdentalcare.com\/wp-content\/uploads\/2026\/02\/moonlight-logo.png?resize=300%2C300&amp;ssl=1 300w, https:\/\/i0.wp.com\/www.moonlightdentalcare.com\/wp-content\/uploads\/2026\/02\/moonlight-logo.png?resize=150%2C150&amp;ssl=1 150w\" sizes=\"auto, (max-width: 400px) 100vw, 400px\" \/><\/div><\/div><div class=\"w-separator size_medium\"><\/div><\/div><\/div><\/div><div class=\"vc_col-sm-7 wpb_column vc_column_container\"><div class=\"vc_column-inner\"><div class=\"wpb_wrapper\"><\/div><\/div><\/div><\/div><\/div><\/section><section class=\"l-section wpb_row height_medium\"><div class=\"l-section-h i-cf\"><div class=\"g-cols vc_row via_flex valign_top type_default stacking_default\"><div class=\"vc_col-sm-12 wpb_column vc_column_container\"><div class=\"vc_column-inner\"><div class=\"wpb_wrapper\">[vc_custom_heading text=\u00bbSobre nuestra cl\u00ednica\u00bb font_container=\u00bbtag:h1|text_align:center\u00bb use_theme_fonts=\u00bbyes\u00bb el_class=\u00bbh1t1&#8243;]<div class=\"w-separator size_small\"><\/div><div class=\"wpb_text_column us_custom_eb849559 txtx1\"><div class=\"wpb_wrapper\"><p><span>En Moonlight Dental, nos enorgullece ser una cl\u00ednica familiar de propiedad local dedicada a ofrecer odontolog\u00eda general de alta calidad en un entorno c\u00f3modo y atento. Nuestro equipo cree en tratar a cada paciente como parte de la familia, dedicando tiempo a escuchar, educar y crear planes de tratamiento personalizados que fomenten una salud bucodental duradera. Desde limpiezas rutinarias y cuidados preventivos hasta tratamientos restauradores, nos comprometemos a ayudar a nuestra comunidad a sonre\u00edr con confianza. En Moonlight Dental, su comodidad, confianza y bienestar son siempre nuestras m\u00e1ximas prioridades.   <\/span><\/p>\n<\/div><\/div><div class=\"w-separator size_small\"><\/div><div class=\"w-btn-wrapper align_center\"><a class=\"w-btn us-btn-style_1\" href=\"https:\/\/www.moonlightdentalcare.com\/es\/contacto\/\"><span class=\"w-btn-label\">Contacto<\/span><\/a><\/div><\/div><\/div><\/div><\/div><\/div><\/section><section class=\"l-section wpb_row height_auto with_img\"><div class=\"l-section-img\" role=\"img\" aria-label=\"Imagen\" data-img-width=\"1712\" data-img-height=\"659\" style=\"background-image: url(https:\/\/i0.wp.com\/www.moonlightdentalcare.com\/wp-content\/uploads\/2026\/02\/service-1.jpg.webp?fit=1712%2C659&#038;ssl=1);background-repeat: no-repeat;\"><\/div><div class=\"l-section-h i-cf\"><div class=\"g-cols vc_row via_flex valign_middle type_boxes stacking_default\"><div class=\"vc_col-sm-6 wpb_column vc_column_container\"><div class=\"vc_column-inner\"><div class=\"wpb_wrapper\"><\/div><\/div><\/div><div class=\"vc_col-sm-6 wpb_column vc_column_container has_bg_color stretched\"><div class=\"vc_column-inner us_custom_0338cb4a\"><div class=\"wpb_wrapper\"><div class=\"w-separator size_medium\"><\/div>[vc_custom_heading text=\u00bb\u00bfQu\u00e9 ocurre durante un examen y limpieza dental?\u00bb use_theme_fonts=\u00bbyes\u00bb el_class=\u00bbh2t3&#8243;]<div class=\"wpb_text_column txtx2\"><div class=\"wpb_wrapper\"><p>Durante su visita rutinaria, haremos lo siguiente:<\/p>\n<ul>\n<li>Eliminar la placa y el sarro problem\u00e1ticos de sus dientes<\/li>\n<li>Utilizar tecnolog\u00eda dental de vanguardia, como radiograf\u00edas digitales y c\u00e1maras intraorales, para identificar las caries cuando son peque\u00f1as y f\u00e1ciles de tratar con un empaste dental<\/li>\n<li>Realizar pruebas de detecci\u00f3n de enfermedades de las enc\u00edas y c\u00e1ncer oral<\/li>\n<li>Sugerir cuidados preventivos como selladores dentales o aplicaciones de fl\u00faor para mantener sus dientes sanos<\/li>\n<li>Utilizar un gel y enjuagues especiales para que sus limpiezas dentales sean m\u00e1s c\u00f3modas<\/li>\n<li>Invitarle a relajarse con comodidades como auriculares y almohadas<\/li>\n<\/ul>\n<\/div><\/div><div class=\"w-separator size_small\"><\/div><div class=\"w-btn-wrapper align_none\"><a class=\"w-btn us-btn-style_1\" href=\"https:\/\/www.moonlightdentalcare.com\/es\/contacto\/\"><span class=\"w-btn-label\">Contacto<\/span><\/a><\/div><\/div><\/div><\/div><\/div><\/div><\/section><section class=\"l-section wpb_row height_auto with_img\"><div class=\"l-section-img\" role=\"img\" aria-label=\"Imagen\" data-img-width=\"1712\" data-img-height=\"659\" style=\"background-image: url(https:\/\/i0.wp.com\/www.moonlightdentalcare.com\/wp-content\/uploads\/2026\/02\/service-1.jpg.webp?fit=1712%2C659&#038;ssl=1);background-repeat: no-repeat;\"><\/div><div class=\"l-section-h i-cf\"><div class=\"g-cols vc_row via_flex valign_middle type_boxes stacking_default\"><div class=\"vc_col-sm-6 wpb_column vc_column_container has_bg_color stretched\"><div class=\"vc_column-inner us_custom_0338cb4a\"><div class=\"wpb_wrapper\"><div class=\"w-separator size_medium\"><\/div>[vc_custom_heading text=\u00bbTecnolog\u00eda avanzada y moderna\u00bb use_theme_fonts=\u00bbyes\u00bb el_class=\u00bbh2t3&#8243;]<div class=\"wpb_text_column txtx2\"><div class=\"wpb_wrapper\"><p><span>Nuestra cl\u00ednica invierte en las \u00faltimas tecnolog\u00edas digitales para ofrecer a nuestros pacientes experiencias dentales m\u00e1s agradables, productivas y eficientes. Siempre queremos estar al d\u00eda de los \u00faltimos avances en odontolog\u00eda para mantener nuestra atenci\u00f3n a la vanguardia. <\/span><\/p>\n<\/div><\/div><div class=\"w-separator size_small\"><\/div><div class=\"w-btn-wrapper align_none\"><a class=\"w-btn us-btn-style_1\" href=\"https:\/\/www.moonlightdentalcare.com\/es\/contacto\/\"><span class=\"w-btn-label\">Contacto<\/span><\/a><\/div><\/div><\/div><\/div><div class=\"vc_col-sm-6 wpb_column vc_column_container\"><div class=\"vc_column-inner\"><div class=\"wpb_wrapper\"><\/div><\/div><\/div><\/div><\/div><\/section><section class=\"l-section wpb_row height_auto with_img\"><div class=\"l-section-img\" role=\"img\" aria-label=\"Imagen\" data-img-width=\"1712\" data-img-height=\"659\" style=\"background-image: url(https:\/\/i0.wp.com\/www.moonlightdentalcare.com\/wp-content\/uploads\/2026\/02\/service-1.jpg.webp?fit=1712%2C659&#038;ssl=1);background-repeat: no-repeat;\"><\/div><div class=\"l-section-h i-cf\"><div class=\"g-cols vc_row via_flex valign_middle type_boxes stacking_default\"><div class=\"vc_col-sm-6 wpb_column vc_column_container\"><div class=\"vc_column-inner\"><div class=\"wpb_wrapper\"><\/div><\/div><\/div><div class=\"vc_col-sm-6 wpb_column vc_column_container has_bg_color stretched\"><div class=\"vc_column-inner us_custom_0338cb4a\"><div class=\"wpb_wrapper\"><div class=\"w-separator size_medium\"><\/div>[vc_custom_heading text=\u00bbTecnolog\u00eda avanzada y moderna\u00bb use_theme_fonts=\u00bbyes\u00bb el_class=\u00bbh2t3&#8243;]<div class=\"wpb_text_column txtx2\"><div class=\"wpb_wrapper\"><p>Nuestra cl\u00ednica invierte en las \u00faltimas tecnolog\u00edas digitales para ofrecer a nuestros pacientes experiencias dentales m\u00e1s agradables, productivas y eficientes. Siempre queremos estar al d\u00eda de los \u00faltimos avances en odontolog\u00eda para mantener nuestra atenci\u00f3n a la vanguardia.<\/p>\n<\/div><\/div><div class=\"w-separator size_small\"><\/div><div class=\"w-btn-wrapper align_none\"><a class=\"w-btn us-btn-style_1\" href=\"https:\/\/www.moonlightdentalcare.com\/es\/contacto\/\"><span class=\"w-btn-label\">Contacto<\/span><\/a><\/div><div class=\"w-separator size_medium\"><\/div><\/div><\/div><\/div><\/div><\/div><\/section>\n","protected":false},"excerpt":{"rendered":"[vc_custom_heading text=\"Sobre nuestra cl\u00ednica\" font_container=\"tag:h1|text_align:center\" use_theme_fonts=\"yes\" el_class=\"h1t1\"]En Moonlight Dental, nos enorgullece ser una cl\u00ednica familiar de propiedad local dedicada a ofrecer odontolog\u00eda general de alta calidad en un entorno c\u00f3modo y atento. Nuestro equipo cree en tratar a cada paciente como parte de la familia, dedicando tiempo a escuchar, educar y crear planes de tratamiento...","protected":false},"author":2,"featured_media":0,"parent":0,"menu_order":0,"comment_status":"closed","ping_status":"closed","template":"","meta":{"footnotes":""},"class_list":["post-295","page","type-page","status-publish","hentry"],"yoast_head":"<!-- This site is optimized with the Yoast SEO plugin v27.2 - https:\/\/yoast.com\/product\/yoast-seo-wordpress\/ -->\n<title>Sobre nosotros - Moonlight Dental<\/title>\n<meta name=\"robots\" content=\"index, follow, max-snippet:-1, max-image-preview:large, max-video-preview:-1\" \/>\n<link rel=\"canonical\" href=\"https:\/\/www.moonlightdentalcare.com\/es\/sobre-nosotros\/\" \/>\n<meta property=\"og:locale\" content=\"es_ES\" \/>\n<meta property=\"og:type\" content=\"article\" \/>\n<meta property=\"og:title\" content=\"Sobre nosotros - Moonlight Dental\" \/>\n<meta property=\"og:url\" content=\"https:\/\/www.moonlightdentalcare.com\/es\/sobre-nosotros\/\" \/>\n<meta property=\"og:site_name\" content=\"Moonlight Dental\" \/>\n<meta property=\"article:modified_time\" content=\"2026-04-22T01:01:02+00:00\" \/>\n<meta name=\"twitter:card\" content=\"summary_large_image\" \/>\n<meta name=\"twitter:label1\" content=\"Tiempo de lectura\" \/>\n\t<meta name=\"twitter:data1\" content=\"14 minutos\" \/>\n<script type=\"application\/ld+json\" class=\"yoast-schema-graph\">{\"@context\":\"https:\/\/schema.org\",\"@graph\":[{\"@type\":\"WebPage\",\"@id\":\"https:\/\/www.moonlightdentalcare.com\/es\/sobre-nosotros\/\",\"url\":\"https:\/\/www.moonlightdentalcare.com\/es\/sobre-nosotros\/\",\"name\":\"Sobre nosotros - Moonlight Dental\",\"isPartOf\":{\"@id\":\"https:\/\/www.moonlightdentalcare.com\/es\/#website\"},\"datePublished\":\"2026-02-04T04:43:06+00:00\",\"dateModified\":\"2026-04-22T01:01:02+00:00\",\"breadcrumb\":{\"@id\":\"https:\/\/www.moonlightdentalcare.com\/es\/sobre-nosotros\/#breadcrumb\"},\"inLanguage\":\"es\",\"potentialAction\":[{\"@type\":\"ReadAction\",\"target\":[\"https:\/\/www.moonlightdentalcare.com\/es\/sobre-nosotros\/\"]}]},{\"@type\":\"BreadcrumbList\",\"@id\":\"https:\/\/www.moonlightdentalcare.com\/es\/sobre-nosotros\/#breadcrumb\",\"itemListElement\":[{\"@type\":\"ListItem\",\"position\":1,\"name\":\"Home\",\"item\":\"https:\/\/www.moonlightdentalcare.com\/es\/inicio\/\"},{\"@type\":\"ListItem\",\"position\":2,\"name\":\"Sobre nosotros\"}]},{\"@type\":\"WebSite\",\"@id\":\"https:\/\/www.moonlightdentalcare.com\/es\/#website\",\"url\":\"https:\/\/www.moonlightdentalcare.com\/es\/\",\"name\":\"Moonlight Dental\",\"description\":\"\",\"potentialAction\":[{\"@type\":\"SearchAction\",\"target\":{\"@type\":\"EntryPoint\",\"urlTemplate\":\"https:\/\/www.moonlightdentalcare.com\/es\/?s={search_term_string}\"},\"query-input\":{\"@type\":\"PropertyValueSpecification\",\"valueRequired\":true,\"valueName\":\"search_term_string\"}}],\"inLanguage\":\"es\"}]}<\/script>\n<!-- \/ Yoast SEO plugin. -->","yoast_head_json":{"title":"Sobre nosotros - Moonlight Dental","robots":{"index":"index","follow":"follow","max-snippet":"max-snippet:-1","max-image-preview":"max-image-preview:large","max-video-preview":"max-video-preview:-1"},"canonical":"https:\/\/www.moonlightdentalcare.com\/es\/sobre-nosotros\/","og_locale":"es_ES","og_type":"article","og_title":"Sobre nosotros - Moonlight Dental","og_url":"https:\/\/www.moonlightdentalcare.com\/es\/sobre-nosotros\/","og_site_name":"Moonlight Dental","article_modified_time":"2026-04-22T01:01:02+00:00","twitter_card":"summary_large_image","twitter_misc":{"Tiempo de lectura":"14 minutos"},"schema":{"@context":"https:\/\/schema.org","@graph":[{"@type":"WebPage","@id":"https:\/\/www.moonlightdentalcare.com\/es\/sobre-nosotros\/","url":"https:\/\/www.moonlightdentalcare.com\/es\/sobre-nosotros\/","name":"Sobre nosotros - Moonlight Dental","isPartOf":{"@id":"https:\/\/www.moonlightdentalcare.com\/es\/#website"},"datePublished":"2026-02-04T04:43:06+00:00","dateModified":"2026-04-22T01:01:02+00:00","breadcrumb":{"@id":"https:\/\/www.moonlightdentalcare.com\/es\/sobre-nosotros\/#breadcrumb"},"inLanguage":"es","potentialAction":[{"@type":"ReadAction","target":["https:\/\/www.moonlightdentalcare.com\/es\/sobre-nosotros\/"]}]},{"@type":"BreadcrumbList","@id":"https:\/\/www.moonlightdentalcare.com\/es\/sobre-nosotros\/#breadcrumb","itemListElement":[{"@type":"ListItem","position":1,"name":"Home","item":"https:\/\/www.moonlightdentalcare.com\/es\/inicio\/"},{"@type":"ListItem","position":2,"name":"Sobre nosotros"}]},{"@type":"WebSite","@id":"https:\/\/www.moonlightdentalcare.com\/es\/#website","url":"https:\/\/www.moonlightdentalcare.com\/es\/","name":"Moonlight Dental","description":"","potentialAction":[{"@type":"SearchAction","target":{"@type":"EntryPoint","urlTemplate":"https:\/\/www.moonlightdentalcare.com\/es\/?s={search_term_string}"},"query-input":{"@type":"PropertyValueSpecification","valueRequired":true,"valueName":"search_term_string"}}],"inLanguage":"es"}]}},"_links":{"self":[{"href":"https:\/\/www.moonlightdentalcare.com\/es\/wp-json\/wp\/v2\/pages\/295","targetHints":{"allow":["GET"]}}],"collection":[{"href":"https:\/\/www.moonlightdentalcare.com\/es\/wp-json\/wp\/v2\/pages"}],"about":[{"href":"https:\/\/www.moonlightdentalcare.com\/es\/wp-json\/wp\/v2\/types\/page"}],"author":[{"embeddable":true,"href":"https:\/\/www.moonlightdentalcare.com\/es\/wp-json\/wp\/v2\/users\/2"}],"replies":[{"embeddable":true,"href":"https:\/\/www.moonlightdentalcare.com\/es\/wp-json\/wp\/v2\/comments?post=295"}],"version-history":[{"count":3,"href":"https:\/\/www.moonlightdentalcare.com\/es\/wp-json\/wp\/v2\/pages\/295\/revisions"}],"predecessor-version":[{"id":302,"href":"https:\/\/www.moonlightdentalcare.com\/es\/wp-json\/wp\/v2\/pages\/295\/revisions\/302"}],"wp:attachment":[{"href":"https:\/\/www.moonlightdentalcare.com\/es\/wp-json\/wp\/v2\/media?parent=295"}],"curies":[{"name":"wp","href":"https:\/\/api.w.org\/{rel}","templated":true}]}}