{"id":286,"date":"2026-02-04T04:45:08","date_gmt":"2026-02-04T04:45:08","guid":{"rendered":"https:\/\/www.moonlightdentalcare.com\/financiero\/"},"modified":"2026-04-22T01:00:52","modified_gmt":"2026-04-22T01:00:52","slug":"financiero","status":"publish","type":"page","link":"https:\/\/www.moonlightdentalcare.com\/es\/financiero\/","title":{"rendered":"Financiero"},"content":{"rendered":"<section class=\"l-section wpb_row pgheader height_auto with_img\"><div class=\"l-section-img\" role=\"img\" aria-label=\"Imagen\" data-img-width=\"1920\" data-img-height=\"726\" style=\"background-image: url(https:\/\/i0.wp.com\/www.moonlightdentalcare.com\/wp-content\/uploads\/2026\/02\/bg.webp?fit=1920%2C726&#038;ssl=1);background-repeat: no-repeat;\"><\/div><div class=\"l-section-h i-cf\"><div class=\"g-cols vc_row via_flex valign_top type_default stacking_default\"><div class=\"vc_col-sm-5 wpb_column vc_column_container position_relative\"><div class=\"vc_column-inner\"><div class=\"wpb_wrapper\"><div class=\"w-image us_custom_10f97600 align_center\"><div class=\"w-image-h\"><img decoding=\"async\" width=\"400\" height=\"400\" src=\"https:\/\/i0.wp.com\/www.moonlightdentalcare.com\/wp-content\/uploads\/2026\/02\/moonlight-logo.png?fit=400%2C400&amp;ssl=1\" class=\"attachment-full size-full\" alt=\"\" loading=\"lazy\" srcset=\"https:\/\/i0.wp.com\/www.moonlightdentalcare.com\/wp-content\/uploads\/2026\/02\/moonlight-logo.png?w=400&amp;ssl=1 400w, https:\/\/i0.wp.com\/www.moonlightdentalcare.com\/wp-content\/uploads\/2026\/02\/moonlight-logo.png?resize=300%2C300&amp;ssl=1 300w, https:\/\/i0.wp.com\/www.moonlightdentalcare.com\/wp-content\/uploads\/2026\/02\/moonlight-logo.png?resize=150%2C150&amp;ssl=1 150w\" sizes=\"auto, (max-width: 400px) 100vw, 400px\" \/><\/div><\/div><div class=\"w-separator size_medium\"><\/div><\/div><\/div><\/div><div class=\"vc_col-sm-7 wpb_column vc_column_container\"><div class=\"vc_column-inner\"><div class=\"wpb_wrapper\"><\/div><\/div><\/div><\/div><\/div><\/section><section class=\"l-section wpb_row height_medium\"><div class=\"l-section-h i-cf\"><div class=\"g-cols vc_row via_flex valign_top type_default stacking_default\"><div class=\"vc_col-sm-12 wpb_column vc_column_container\"><div class=\"vc_column-inner\"><div class=\"wpb_wrapper\"><div class=\"w-separator size_small\"><\/div><h3 class=\"w-text us_custom_eb849559\"><span class=\"w-text-h\"><span class=\"w-text-value\">ACEPTAMOS LA MAYOR\u00cdA DE LOS SEGUROS<\/span><\/span><\/h3><div class=\"wpb_text_column us_custom_eb849559 txtx1\"><div class=\"wpb_wrapper\"><p style=\"text-align: center;\"><span>En Moonlight Dental, nos enorgullece ser una cl\u00ednica de propiedad local y gesti\u00f3n familiar dedicada a proporcionar odontolog\u00eda general de alta calidad en un entorno c\u00f3modo y acogedor. Nuestro equipo cree en tratar a cada paciente como a un miembro de la familia, dedicando tiempo a escuchar, educar y crear planes de tratamiento personalizados que favorezcan la salud bucodental de por vida. <\/span><\/p>\n<\/div><\/div><div class=\"w-separator size_medium\"><\/div><div class=\"g-cols wpb_row via_flex valign_top type_default stacking_default\"><div class=\"vc_col-sm-6 wpb_column vc_column_container\"><div class=\"vc_column-inner\"><div class=\"wpb_wrapper\">[vc_custom_heading text=\u00bbOdontolog\u00eda asequible\u00bb font_container=\u00bbtag:h1|text_align:center\u00bb use_theme_fonts=\u00bbyes\u00bb el_class=\u00bbh1t1&#8243;][vc_custom_heading text=\u00bben Gardner, KS\u00bb font_container=\u00bbtag:h3|text_align:center\u00bb use_theme_fonts=\u00bbyes\u00bb el_class=\u00bbh3t2&#8243;]<div class=\"w-btn-wrapper align_center\"><a class=\"w-btn us-btn-style_1\" href=\"https:\/\/www.moonlightdentalcare.com\/es\/contacto\/\"><span class=\"w-btn-label\">Cont\u00e1ctenos<\/span><\/a><\/div><\/div><\/div><\/div><div class=\"vc_col-sm-6 wpb_column vc_column_container\"><div class=\"vc_column-inner\"><div class=\"wpb_wrapper\">[vc_custom_heading text=\u00bbPague su factura\u00bb font_container=\u00bbtag:h1|text_align:center\u00bb use_theme_fonts=\u00bbyes\u00bb el_class=\u00bbh1t1&#8243;][vc_custom_heading text=\u00bbR\u00e1pido, f\u00e1cil y seguro.\u00bb font_container=\u00bbtag:h3|text_align:center\u00bb use_theme_fonts=\u00bbyes\u00bb el_class=\u00bbh3t2&#8243;]<div class=\"w-btn-wrapper align_center\"><a class=\"w-btn us-btn-style_1\" href=\"https:\/\/www.moonlightdentalcare.com\/es\/contacto\/\"><span class=\"w-btn-label\">Pagar en l\u00ednea<\/span><\/a><\/div><\/div><\/div><\/div><\/div><\/div><\/div><\/div><\/div><\/div><\/section>\n","protected":false},"excerpt":{"rendered":"ACEPTAMOS LA MAYOR\u00cdA DE LOS SEGUROSEn Moonlight Dental, nos enorgullece ser una cl\u00ednica de propiedad local y gesti\u00f3n familiar dedicada a proporcionar odontolog\u00eda general de alta calidad en un entorno c\u00f3modo y acogedor. Nuestro equipo cree en tratar a cada paciente como a un miembro de la familia, dedicando tiempo a escuchar, educar y crear...","protected":false},"author":2,"featured_media":0,"parent":0,"menu_order":0,"comment_status":"closed","ping_status":"closed","template":"","meta":{"footnotes":""},"class_list":["post-286","page","type-page","status-publish","hentry"],"yoast_head":"<!-- This site is optimized with the Yoast SEO plugin v27.2 - https:\/\/yoast.com\/product\/yoast-seo-wordpress\/ -->\n<title>Financiero - Moonlight Dental<\/title>\n<meta name=\"robots\" content=\"index, follow, max-snippet:-1, max-image-preview:large, max-video-preview:-1\" \/>\n<link rel=\"canonical\" href=\"https:\/\/www.moonlightdentalcare.com\/es\/financiero\/\" \/>\n<meta property=\"og:locale\" content=\"es_ES\" \/>\n<meta property=\"og:type\" content=\"article\" \/>\n<meta property=\"og:title\" content=\"Financiero - Moonlight Dental\" \/>\n<meta property=\"og:url\" content=\"https:\/\/www.moonlightdentalcare.com\/es\/financiero\/\" \/>\n<meta property=\"og:site_name\" content=\"Moonlight Dental\" \/>\n<meta property=\"article:modified_time\" content=\"2026-04-22T01:00:52+00:00\" \/>\n<meta name=\"twitter:card\" content=\"summary_large_image\" \/>\n<meta name=\"twitter:label1\" content=\"Tiempo de lectura\" \/>\n\t<meta name=\"twitter:data1\" content=\"6 minutos\" \/>\n<script type=\"application\/ld+json\" class=\"yoast-schema-graph\">{\"@context\":\"https:\/\/schema.org\",\"@graph\":[{\"@type\":\"WebPage\",\"@id\":\"https:\/\/www.moonlightdentalcare.com\/es\/financiero\/\",\"url\":\"https:\/\/www.moonlightdentalcare.com\/es\/financiero\/\",\"name\":\"Financiero - Moonlight Dental\",\"isPartOf\":{\"@id\":\"https:\/\/www.moonlightdentalcare.com\/es\/#website\"},\"datePublished\":\"2026-02-04T04:45:08+00:00\",\"dateModified\":\"2026-04-22T01:00:52+00:00\",\"breadcrumb\":{\"@id\":\"https:\/\/www.moonlightdentalcare.com\/es\/financiero\/#breadcrumb\"},\"inLanguage\":\"es\",\"potentialAction\":[{\"@type\":\"ReadAction\",\"target\":[\"https:\/\/www.moonlightdentalcare.com\/es\/financiero\/\"]}]},{\"@type\":\"BreadcrumbList\",\"@id\":\"https:\/\/www.moonlightdentalcare.com\/es\/financiero\/#breadcrumb\",\"itemListElement\":[{\"@type\":\"ListItem\",\"position\":1,\"name\":\"Home\",\"item\":\"https:\/\/www.moonlightdentalcare.com\/es\/inicio\/\"},{\"@type\":\"ListItem\",\"position\":2,\"name\":\"Financiero\"}]},{\"@type\":\"WebSite\",\"@id\":\"https:\/\/www.moonlightdentalcare.com\/es\/#website\",\"url\":\"https:\/\/www.moonlightdentalcare.com\/es\/\",\"name\":\"Moonlight Dental\",\"description\":\"\",\"potentialAction\":[{\"@type\":\"SearchAction\",\"target\":{\"@type\":\"EntryPoint\",\"urlTemplate\":\"https:\/\/www.moonlightdentalcare.com\/es\/?s={search_term_string}\"},\"query-input\":{\"@type\":\"PropertyValueSpecification\",\"valueRequired\":true,\"valueName\":\"search_term_string\"}}],\"inLanguage\":\"es\"}]}<\/script>\n<!-- \/ Yoast SEO plugin. -->","yoast_head_json":{"title":"Financiero - Moonlight Dental","robots":{"index":"index","follow":"follow","max-snippet":"max-snippet:-1","max-image-preview":"max-image-preview:large","max-video-preview":"max-video-preview:-1"},"canonical":"https:\/\/www.moonlightdentalcare.com\/es\/financiero\/","og_locale":"es_ES","og_type":"article","og_title":"Financiero - Moonlight Dental","og_url":"https:\/\/www.moonlightdentalcare.com\/es\/financiero\/","og_site_name":"Moonlight Dental","article_modified_time":"2026-04-22T01:00:52+00:00","twitter_card":"summary_large_image","twitter_misc":{"Tiempo de lectura":"6 minutos"},"schema":{"@context":"https:\/\/schema.org","@graph":[{"@type":"WebPage","@id":"https:\/\/www.moonlightdentalcare.com\/es\/financiero\/","url":"https:\/\/www.moonlightdentalcare.com\/es\/financiero\/","name":"Financiero - Moonlight Dental","isPartOf":{"@id":"https:\/\/www.moonlightdentalcare.com\/es\/#website"},"datePublished":"2026-02-04T04:45:08+00:00","dateModified":"2026-04-22T01:00:52+00:00","breadcrumb":{"@id":"https:\/\/www.moonlightdentalcare.com\/es\/financiero\/#breadcrumb"},"inLanguage":"es","potentialAction":[{"@type":"ReadAction","target":["https:\/\/www.moonlightdentalcare.com\/es\/financiero\/"]}]},{"@type":"BreadcrumbList","@id":"https:\/\/www.moonlightdentalcare.com\/es\/financiero\/#breadcrumb","itemListElement":[{"@type":"ListItem","position":1,"name":"Home","item":"https:\/\/www.moonlightdentalcare.com\/es\/inicio\/"},{"@type":"ListItem","position":2,"name":"Financiero"}]},{"@type":"WebSite","@id":"https:\/\/www.moonlightdentalcare.com\/es\/#website","url":"https:\/\/www.moonlightdentalcare.com\/es\/","name":"Moonlight Dental","description":"","potentialAction":[{"@type":"SearchAction","target":{"@type":"EntryPoint","urlTemplate":"https:\/\/www.moonlightdentalcare.com\/es\/?s={search_term_string}"},"query-input":{"@type":"PropertyValueSpecification","valueRequired":true,"valueName":"search_term_string"}}],"inLanguage":"es"}]}},"_links":{"self":[{"href":"https:\/\/www.moonlightdentalcare.com\/es\/wp-json\/wp\/v2\/pages\/286","targetHints":{"allow":["GET"]}}],"collection":[{"href":"https:\/\/www.moonlightdentalcare.com\/es\/wp-json\/wp\/v2\/pages"}],"about":[{"href":"https:\/\/www.moonlightdentalcare.com\/es\/wp-json\/wp\/v2\/types\/page"}],"author":[{"embeddable":true,"href":"https:\/\/www.moonlightdentalcare.com\/es\/wp-json\/wp\/v2\/users\/2"}],"replies":[{"embeddable":true,"href":"https:\/\/www.moonlightdentalcare.com\/es\/wp-json\/wp\/v2\/comments?post=286"}],"version-history":[{"count":2,"href":"https:\/\/www.moonlightdentalcare.com\/es\/wp-json\/wp\/v2\/pages\/286\/revisions"}],"predecessor-version":[{"id":294,"href":"https:\/\/www.moonlightdentalcare.com\/es\/wp-json\/wp\/v2\/pages\/286\/revisions\/294"}],"wp:attachment":[{"href":"https:\/\/www.moonlightdentalcare.com\/es\/wp-json\/wp\/v2\/media?parent=286"}],"curies":[{"name":"wp","href":"https:\/\/api.w.org\/{rel}","templated":true}]}}