{"id":276,"date":"2026-02-04T04:43:46","date_gmt":"2026-02-04T04:43:46","guid":{"rendered":"https:\/\/www.moonlightdentalcare.com\/conozca-al-dentista\/"},"modified":"2026-04-22T01:00:52","modified_gmt":"2026-04-22T01:00:52","slug":"conozca-al-dentista","status":"publish","type":"page","link":"https:\/\/www.moonlightdentalcare.com\/es\/conozca-al-dentista\/","title":{"rendered":"Conozca al dentista"},"content":{"rendered":"<section class=\"l-section wpb_row pgheader height_auto with_img\"><div class=\"l-section-img\" role=\"img\" aria-label=\"Imagen\" data-img-width=\"1920\" data-img-height=\"726\" style=\"background-image: url(https:\/\/i0.wp.com\/www.moonlightdentalcare.com\/wp-content\/uploads\/2026\/02\/bg.webp?fit=1920%2C726&#038;ssl=1);background-repeat: no-repeat;\"><\/div><div class=\"l-section-h i-cf\"><div class=\"g-cols vc_row via_flex valign_top type_default stacking_default\"><div class=\"vc_col-sm-5 wpb_column vc_column_container position_relative\"><div class=\"vc_column-inner\"><div class=\"wpb_wrapper\"><div class=\"w-image us_custom_10f97600 align_center\"><div class=\"w-image-h\"><img decoding=\"async\" width=\"400\" height=\"400\" src=\"https:\/\/i0.wp.com\/www.moonlightdentalcare.com\/wp-content\/uploads\/2026\/02\/moonlight-logo.png?fit=400%2C400&amp;ssl=1\" class=\"attachment-full size-full\" alt=\"\" loading=\"lazy\" srcset=\"https:\/\/i0.wp.com\/www.moonlightdentalcare.com\/wp-content\/uploads\/2026\/02\/moonlight-logo.png?w=400&amp;ssl=1 400w, https:\/\/i0.wp.com\/www.moonlightdentalcare.com\/wp-content\/uploads\/2026\/02\/moonlight-logo.png?resize=300%2C300&amp;ssl=1 300w, https:\/\/i0.wp.com\/www.moonlightdentalcare.com\/wp-content\/uploads\/2026\/02\/moonlight-logo.png?resize=150%2C150&amp;ssl=1 150w\" sizes=\"auto, (max-width: 400px) 100vw, 400px\" \/><\/div><\/div><div class=\"w-separator size_medium\"><\/div><\/div><\/div><\/div><div class=\"vc_col-sm-7 wpb_column vc_column_container\"><div class=\"vc_column-inner\"><div class=\"wpb_wrapper\"><\/div><\/div><\/div><\/div><\/div><\/section><section class=\"l-section wpb_row height_medium\"><div class=\"l-section-h i-cf\"><div class=\"g-cols vc_row via_flex valign_top type_default stacking_default\"><div class=\"vc_col-sm-12 wpb_column vc_column_container\"><div class=\"vc_column-inner\"><div class=\"wpb_wrapper\">[vc_custom_heading text=\u00bbBienvenido a Moonlight Dental\u00bb font_container=\u00bbtag:h1|text_align:center\u00bb use_theme_fonts=\u00bbyes\u00bb el_class=\u00bbh1t1&#8243;][vc_custom_heading text=\u00bbGardner, Kansas\u00bb font_container=\u00bbtag:h3|text_align:center\u00bb use_theme_fonts=\u00bbyes\u00bb el_class=\u00bbh3t2&#8243;]<div class=\"wpb_text_column us_custom_eb849559 txtx1\"><div class=\"wpb_wrapper\"><p><span>En Moonlight Dental, nos enorgullece ser una cl\u00ednica de propiedad local y gesti\u00f3n familiar, dedicada a ofrecer odontolog\u00eda general de alta calidad en un entorno c\u00f3modo y atento. Aceptamos la mayor\u00eda de los seguros (incluido Medicaid). Nuestro equipo cree en tratar a cada paciente como parte de la familia, dedicando tiempo a escuchar, educar y crear planes de tratamiento personalizados que fomenten una salud bucodental duradera.<\/span><\/p>\n<\/div><\/div><div class=\"w-separator size_small\"><\/div><div class=\"w-btn-wrapper align_center\"><a class=\"w-btn us-btn-style_1\" href=\"https:\/\/www.moonlightdentalcare.com\/es\/contacto\/\"><span class=\"w-btn-label\">Cont\u00e1ctenos<\/span><\/a><\/div><\/div><\/div><\/div><\/div><\/div><\/section><section class=\"l-section wpb_row us_custom_9d5325e5 has_text_color height_medium with_img parallax_fixed\"><div class=\"l-section-img\" role=\"img\" aria-label=\"Imagen\" data-img-width=\"1707\" data-img-height=\"1086\" style=\"background-image: url(https:\/\/i0.wp.com\/www.moonlightdentalcare.com\/wp-content\/uploads\/2026\/02\/blue-bg.jpg?fit=1707%2C1086&#038;ssl=1);\"><\/div><div class=\"l-section-h i-cf\"><div class=\"g-cols vc_row via_flex valign_top type_default stacking_default\"><div class=\"vc_col-sm-12 wpb_column vc_column_container\"><div class=\"vc_column-inner\"><div class=\"wpb_wrapper\"><div class=\"w-image us_custom_bff0f329 style_circle align_center\"><div class=\"w-image-h\"><img decoding=\"async\" width=\"1495\" height=\"1390\" src=\"https:\/\/i0.wp.com\/www.moonlightdentalcare.com\/wp-content\/uploads\/2026\/03\/Tingey.jpg?fit=1495%2C1390&amp;ssl=1\" class=\"attachment-full size-full\" alt=\"\" loading=\"lazy\" srcset=\"https:\/\/i0.wp.com\/www.moonlightdentalcare.com\/wp-content\/uploads\/2026\/03\/Tingey.jpg?w=1495&amp;ssl=1 1495w, https:\/\/i0.wp.com\/www.moonlightdentalcare.com\/wp-content\/uploads\/2026\/03\/Tingey.jpg?resize=300%2C279&amp;ssl=1 300w, https:\/\/i0.wp.com\/www.moonlightdentalcare.com\/wp-content\/uploads\/2026\/03\/Tingey.jpg?resize=1024%2C952&amp;ssl=1 1024w\" sizes=\"auto, (max-width: 1200px) 100vw, 1200px\" \/><\/div><\/div>[vc_custom_heading text=\u00bbMatt Tingey, DDS\u00bb font_container=\u00bbtag:h2|text_align:center\u00bb use_theme_fonts=\u00bbyes\u00bb el_class=\u00bbh2t4 h2t3&#8243; css=\u00bb%7B%22default%22%3A%7B%22margin-bottom%22%3A%220px%22%7D%7D\u00bb]<div class=\"w-separator size_small\"><\/div><div class=\"g-cols wpb_row via_flex valign_top type_default stacking_default\"><div class=\"vc_col-sm-1 wpb_column vc_column_container\"><div class=\"vc_column-inner\"><div class=\"wpb_wrapper\"><\/div><\/div><\/div><div class=\"vc_col-sm-10 wpb_column vc_column_container\"><div class=\"vc_column-inner\"><div class=\"wpb_wrapper\"><div class=\"wpb_text_column us_custom_eb849559\"><div class=\"wpb_wrapper\"><p>Matt Tingey, originario de Kansas City, obtuvo su t\u00edtulo universitario en la Universidad de Utah antes de completar su formaci\u00f3n dental en la Facultad de Odontolog\u00eda de la Universidad de Marquette<span> en Milwaukee, Wisconsin. Le apasiona promover la salud bucodental a lo largo de toda la vida a trav\u00e9s de la odontolog\u00eda preventiva y restauradora, y se dedica a ayudar a los pacientes a lograr sonrisas sanas y seguras.<\/span><\/p>\n<p>El Dr. Tingey cree que una atenci\u00f3n dental de calidad comienza por escuchar, educar y crear planes de tratamiento personalizados adaptados a las necesidades de cada paciente. Su compromiso con la comodidad del paciente y el bienestar a largo plazo es el pilar de su filosof\u00eda de pr\u00e1ctica.<\/p>\n<p>Fuera de la consulta, el Dr. Tingey es un orgulloso esposo y padre de cinco maravillosos hijos. Le encanta pasar tiempo al aire libre<span> y valora cada oportunidad de estar con su familia.<\/span><\/p>\n<\/div><\/div><\/div><\/div><\/div><div class=\"vc_col-sm-1 wpb_column vc_column_container\"><div class=\"vc_column-inner\"><div class=\"wpb_wrapper\"><\/div><\/div><\/div><\/div><\/div><\/div><\/div><\/div><\/div><\/section>\n","protected":false},"excerpt":{"rendered":"[vc_custom_heading text=\"Bienvenido a Moonlight Dental\" font_container=\"tag:h1|text_align:center\" use_theme_fonts=\"yes\" el_class=\"h1t1\"][vc_custom_heading text=\"Gardner, Kansas\" font_container=\"tag:h3|text_align:center\" use_theme_fonts=\"yes\" el_class=\"h3t2\"]En Moonlight Dental, nos enorgullece ser una cl\u00ednica de propiedad local y gesti\u00f3n familiar, dedicada a ofrecer odontolog\u00eda general de alta calidad en un entorno c\u00f3modo y atento. Aceptamos la mayor\u00eda de los seguros (incluido Medicaid). Nuestro equipo cree en tratar a cada...","protected":false},"author":2,"featured_media":0,"parent":0,"menu_order":0,"comment_status":"closed","ping_status":"closed","template":"","meta":{"footnotes":""},"class_list":["post-276","page","type-page","status-publish","hentry"],"yoast_head":"<!-- This site is optimized with the Yoast SEO plugin v27.2 - https:\/\/yoast.com\/product\/yoast-seo-wordpress\/ -->\n<title>Conozca al dentista - Moonlight Dental<\/title>\n<meta name=\"robots\" content=\"index, follow, max-snippet:-1, max-image-preview:large, max-video-preview:-1\" \/>\n<link rel=\"canonical\" href=\"https:\/\/www.moonlightdentalcare.com\/es\/conozca-al-dentista\/\" \/>\n<meta property=\"og:locale\" content=\"es_ES\" \/>\n<meta property=\"og:type\" content=\"article\" \/>\n<meta property=\"og:title\" content=\"Conozca al dentista - Moonlight Dental\" \/>\n<meta property=\"og:url\" content=\"https:\/\/www.moonlightdentalcare.com\/es\/conozca-al-dentista\/\" \/>\n<meta property=\"og:site_name\" content=\"Moonlight Dental\" \/>\n<meta property=\"article:modified_time\" content=\"2026-04-22T01:00:52+00:00\" \/>\n<meta name=\"twitter:card\" content=\"summary_large_image\" \/>\n<meta name=\"twitter:label1\" content=\"Tiempo de lectura\" \/>\n\t<meta name=\"twitter:data1\" content=\"5 minutos\" \/>\n<script type=\"application\/ld+json\" class=\"yoast-schema-graph\">{\"@context\":\"https:\/\/schema.org\",\"@graph\":[{\"@type\":\"WebPage\",\"@id\":\"https:\/\/www.moonlightdentalcare.com\/es\/conozca-al-dentista\/\",\"url\":\"https:\/\/www.moonlightdentalcare.com\/es\/conozca-al-dentista\/\",\"name\":\"Conozca al dentista - Moonlight Dental\",\"isPartOf\":{\"@id\":\"https:\/\/www.moonlightdentalcare.com\/es\/#website\"},\"datePublished\":\"2026-02-04T04:43:46+00:00\",\"dateModified\":\"2026-04-22T01:00:52+00:00\",\"breadcrumb\":{\"@id\":\"https:\/\/www.moonlightdentalcare.com\/es\/conozca-al-dentista\/#breadcrumb\"},\"inLanguage\":\"es\",\"potentialAction\":[{\"@type\":\"ReadAction\",\"target\":[\"https:\/\/www.moonlightdentalcare.com\/es\/conozca-al-dentista\/\"]}]},{\"@type\":\"BreadcrumbList\",\"@id\":\"https:\/\/www.moonlightdentalcare.com\/es\/conozca-al-dentista\/#breadcrumb\",\"itemListElement\":[{\"@type\":\"ListItem\",\"position\":1,\"name\":\"Home\",\"item\":\"https:\/\/www.moonlightdentalcare.com\/es\/inicio\/\"},{\"@type\":\"ListItem\",\"position\":2,\"name\":\"Conozca al dentista\"}]},{\"@type\":\"WebSite\",\"@id\":\"https:\/\/www.moonlightdentalcare.com\/es\/#website\",\"url\":\"https:\/\/www.moonlightdentalcare.com\/es\/\",\"name\":\"Moonlight Dental\",\"description\":\"\",\"potentialAction\":[{\"@type\":\"SearchAction\",\"target\":{\"@type\":\"EntryPoint\",\"urlTemplate\":\"https:\/\/www.moonlightdentalcare.com\/es\/?s={search_term_string}\"},\"query-input\":{\"@type\":\"PropertyValueSpecification\",\"valueRequired\":true,\"valueName\":\"search_term_string\"}}],\"inLanguage\":\"es\"}]}<\/script>\n<!-- \/ Yoast SEO plugin. -->","yoast_head_json":{"title":"Conozca al dentista - Moonlight Dental","robots":{"index":"index","follow":"follow","max-snippet":"max-snippet:-1","max-image-preview":"max-image-preview:large","max-video-preview":"max-video-preview:-1"},"canonical":"https:\/\/www.moonlightdentalcare.com\/es\/conozca-al-dentista\/","og_locale":"es_ES","og_type":"article","og_title":"Conozca al dentista - Moonlight Dental","og_url":"https:\/\/www.moonlightdentalcare.com\/es\/conozca-al-dentista\/","og_site_name":"Moonlight Dental","article_modified_time":"2026-04-22T01:00:52+00:00","twitter_card":"summary_large_image","twitter_misc":{"Tiempo de lectura":"5 minutos"},"schema":{"@context":"https:\/\/schema.org","@graph":[{"@type":"WebPage","@id":"https:\/\/www.moonlightdentalcare.com\/es\/conozca-al-dentista\/","url":"https:\/\/www.moonlightdentalcare.com\/es\/conozca-al-dentista\/","name":"Conozca al dentista - Moonlight Dental","isPartOf":{"@id":"https:\/\/www.moonlightdentalcare.com\/es\/#website"},"datePublished":"2026-02-04T04:43:46+00:00","dateModified":"2026-04-22T01:00:52+00:00","breadcrumb":{"@id":"https:\/\/www.moonlightdentalcare.com\/es\/conozca-al-dentista\/#breadcrumb"},"inLanguage":"es","potentialAction":[{"@type":"ReadAction","target":["https:\/\/www.moonlightdentalcare.com\/es\/conozca-al-dentista\/"]}]},{"@type":"BreadcrumbList","@id":"https:\/\/www.moonlightdentalcare.com\/es\/conozca-al-dentista\/#breadcrumb","itemListElement":[{"@type":"ListItem","position":1,"name":"Home","item":"https:\/\/www.moonlightdentalcare.com\/es\/inicio\/"},{"@type":"ListItem","position":2,"name":"Conozca al dentista"}]},{"@type":"WebSite","@id":"https:\/\/www.moonlightdentalcare.com\/es\/#website","url":"https:\/\/www.moonlightdentalcare.com\/es\/","name":"Moonlight Dental","description":"","potentialAction":[{"@type":"SearchAction","target":{"@type":"EntryPoint","urlTemplate":"https:\/\/www.moonlightdentalcare.com\/es\/?s={search_term_string}"},"query-input":{"@type":"PropertyValueSpecification","valueRequired":true,"valueName":"search_term_string"}}],"inLanguage":"es"}]}},"_links":{"self":[{"href":"https:\/\/www.moonlightdentalcare.com\/es\/wp-json\/wp\/v2\/pages\/276","targetHints":{"allow":["GET"]}}],"collection":[{"href":"https:\/\/www.moonlightdentalcare.com\/es\/wp-json\/wp\/v2\/pages"}],"about":[{"href":"https:\/\/www.moonlightdentalcare.com\/es\/wp-json\/wp\/v2\/types\/page"}],"author":[{"embeddable":true,"href":"https:\/\/www.moonlightdentalcare.com\/es\/wp-json\/wp\/v2\/users\/2"}],"replies":[{"embeddable":true,"href":"https:\/\/www.moonlightdentalcare.com\/es\/wp-json\/wp\/v2\/comments?post=276"}],"version-history":[{"count":2,"href":"https:\/\/www.moonlightdentalcare.com\/es\/wp-json\/wp\/v2\/pages\/276\/revisions"}],"predecessor-version":[{"id":292,"href":"https:\/\/www.moonlightdentalcare.com\/es\/wp-json\/wp\/v2\/pages\/276\/revisions\/292"}],"wp:attachment":[{"href":"https:\/\/www.moonlightdentalcare.com\/es\/wp-json\/wp\/v2\/media?parent=276"}],"curies":[{"name":"wp","href":"https:\/\/api.w.org\/{rel}","templated":true}]}}