{"id":266,"date":"2026-02-04T04:42:40","date_gmt":"2026-02-04T04:42:40","guid":{"rendered":"https:\/\/www.moonlightdentalcare.com\/servicios\/"},"modified":"2026-04-22T01:00:51","modified_gmt":"2026-04-22T01:00:51","slug":"servicios","status":"publish","type":"page","link":"https:\/\/www.moonlightdentalcare.com\/es\/servicios\/","title":{"rendered":"Servicios"},"content":{"rendered":"<section class=\"l-section wpb_row pgheader height_auto with_img\"><div class=\"l-section-img\" role=\"img\" aria-label=\"Imagen\" data-img-width=\"1920\" data-img-height=\"726\" style=\"background-image: url(https:\/\/i0.wp.com\/www.moonlightdentalcare.com\/wp-content\/uploads\/2026\/02\/bg.webp?fit=1920%2C726&#038;ssl=1);background-repeat: no-repeat;\"><\/div><div class=\"l-section-h i-cf\"><div class=\"g-cols vc_row via_flex valign_top type_default stacking_default\"><div class=\"vc_col-sm-5 wpb_column vc_column_container position_relative\"><div class=\"vc_column-inner\"><div class=\"wpb_wrapper\"><div class=\"w-image us_custom_10f97600 align_center\"><div class=\"w-image-h\"><img decoding=\"async\" width=\"400\" height=\"400\" src=\"https:\/\/i0.wp.com\/www.moonlightdentalcare.com\/wp-content\/uploads\/2026\/02\/moonlight-logo.png?fit=400%2C400&amp;ssl=1\" class=\"attachment-full size-full\" alt=\"\" loading=\"lazy\" srcset=\"https:\/\/i0.wp.com\/www.moonlightdentalcare.com\/wp-content\/uploads\/2026\/02\/moonlight-logo.png?w=400&amp;ssl=1 400w, https:\/\/i0.wp.com\/www.moonlightdentalcare.com\/wp-content\/uploads\/2026\/02\/moonlight-logo.png?resize=300%2C300&amp;ssl=1 300w, https:\/\/i0.wp.com\/www.moonlightdentalcare.com\/wp-content\/uploads\/2026\/02\/moonlight-logo.png?resize=150%2C150&amp;ssl=1 150w\" sizes=\"auto, (max-width: 400px) 100vw, 400px\" \/><\/div><\/div><div class=\"w-separator size_medium\"><\/div><\/div><\/div><\/div><div class=\"vc_col-sm-7 wpb_column vc_column_container\"><div class=\"vc_column-inner\"><div class=\"wpb_wrapper\"><\/div><\/div><\/div><\/div><\/div><\/section><section class=\"l-section wpb_row height_medium\"><div class=\"l-section-h i-cf\"><div class=\"g-cols vc_row via_flex valign_top type_default stacking_default\"><div class=\"vc_col-sm-12 wpb_column vc_column_container\"><div class=\"vc_column-inner\"><div class=\"wpb_wrapper\">[vc_custom_heading text=\u00bbLimpiezas y ex\u00e1menes dentales\u00bb font_container=\u00bbtag:h1|text_align:center\u00bb use_theme_fonts=\u00bbyes\u00bb el_class=\u00bbh1t1&#8243;][vc_custom_heading text=\u00bb\u00a1en Gardner, KS!\u00bb font_container=\u00bbtag:h3|text_align:center\u00bb use_theme_fonts=\u00bbyes\u00bb el_class=\u00bbh3t2&#8243;]<div class=\"wpb_text_column us_custom_eb849559 txtx1\"><div class=\"wpb_wrapper\"><p>Cuando se trata de mantener una salud bucodental \u00f3ptima, lo m\u00e1s importante que puede hacer es cepillarse los dientes y usar hilo dental todos los d\u00edas. Sin embargo, aunque sea diligente con su higiene bucal, es posible que no detecte bacterias que pueden convertirse en caries. \u00a1Por eso es necesario que visite Blue Valley Smiles para sus limpiezas y ex\u00e1menes dentales peri\u00f3dicos en Overland Park!<\/p>\n<\/div><\/div><div class=\"w-separator size_small\"><\/div><div class=\"w-btn-wrapper align_center\"><a class=\"w-btn us-btn-style_1\" href=\"https:\/\/www.moonlightdentalcare.com\/es\/contacto\/\"><span class=\"w-btn-label\">Contacte con nosotros<\/span><\/a><\/div><\/div><\/div><\/div><\/div><\/div><\/section><section class=\"l-section wpb_row height_auto width_full_with_indents\"><div class=\"l-section-h i-cf\"><div class=\"g-cols vc_row via_flex valign_top type_default stacking_default\"><div class=\"vc_col-sm-4 wpb_column vc_column_container\"><div class=\"vc_column-inner\"><div class=\"wpb_wrapper\"><div class=\"w-image imgx1 align_center\"><a href=\"#\" aria-label=\"Preventative\" class=\"w-image-h\"><img decoding=\"async\" width=\"355\" height=\"289\" src=\"https:\/\/i0.wp.com\/www.moonlightdentalcare.com\/wp-content\/uploads\/2026\/03\/Preventative.png?fit=355%2C289&amp;ssl=1\" class=\"attachment-full size-full\" alt=\"\" loading=\"lazy\" srcset=\"https:\/\/i0.wp.com\/www.moonlightdentalcare.com\/wp-content\/uploads\/2026\/03\/Preventative.png?w=355&amp;ssl=1 355w, https:\/\/i0.wp.com\/www.moonlightdentalcare.com\/wp-content\/uploads\/2026\/03\/Preventative.png?resize=300%2C244&amp;ssl=1 300w\" sizes=\"auto, (max-width: 355px) 100vw, 355px\" \/><\/a><\/div><div class=\"wpb_text_column\"><div class=\"wpb_wrapper\"><h4 style=\"text-align: center;\"><strong>Cuidado preventivo<\/strong><\/h4>\n<\/div><\/div><\/div><\/div><\/div><div class=\"vc_col-sm-4 wpb_column vc_column_container\"><div class=\"vc_column-inner\"><div class=\"wpb_wrapper\"><div class=\"w-image imgx1 align_center\"><a href=\"#\" aria-label=\"Oral-Surgery\" class=\"w-image-h\"><img decoding=\"async\" width=\"355\" height=\"289\" src=\"https:\/\/i0.wp.com\/www.moonlightdentalcare.com\/wp-content\/uploads\/2026\/03\/Oral-Surgery.png?fit=355%2C289&amp;ssl=1\" class=\"attachment-full size-full\" alt=\"\" loading=\"lazy\" srcset=\"https:\/\/i0.wp.com\/www.moonlightdentalcare.com\/wp-content\/uploads\/2026\/03\/Oral-Surgery.png?w=355&amp;ssl=1 355w, https:\/\/i0.wp.com\/www.moonlightdentalcare.com\/wp-content\/uploads\/2026\/03\/Oral-Surgery.png?resize=300%2C244&amp;ssl=1 300w\" sizes=\"auto, (max-width: 355px) 100vw, 355px\" \/><\/a><\/div><div class=\"wpb_text_column\"><div class=\"wpb_wrapper\"><h4 style=\"text-align: center;\"><strong>Cirug\u00eda oral<\/strong><\/h4>\n<\/div><\/div><\/div><\/div><\/div><div class=\"vc_col-sm-4 wpb_column vc_column_container\"><div class=\"vc_column-inner\"><div class=\"wpb_wrapper\"><div class=\"w-image imgx1 align_center\"><a href=\"#\" aria-label=\"Cosmetic-Dentistry\" class=\"w-image-h\"><img decoding=\"async\" width=\"355\" height=\"289\" src=\"https:\/\/i0.wp.com\/www.moonlightdentalcare.com\/wp-content\/uploads\/2026\/03\/Cosmetic-Dentistry.png?fit=355%2C289&amp;ssl=1\" class=\"attachment-full size-full\" alt=\"\" loading=\"lazy\" srcset=\"https:\/\/i0.wp.com\/www.moonlightdentalcare.com\/wp-content\/uploads\/2026\/03\/Cosmetic-Dentistry.png?w=355&amp;ssl=1 355w, https:\/\/i0.wp.com\/www.moonlightdentalcare.com\/wp-content\/uploads\/2026\/03\/Cosmetic-Dentistry.png?resize=300%2C244&amp;ssl=1 300w\" sizes=\"auto, (max-width: 355px) 100vw, 355px\" \/><\/a><\/div><div class=\"wpb_text_column\"><div class=\"wpb_wrapper\"><h4 style=\"text-align: center;\"><strong>Odontolog\u00eda est\u00e9tica<\/strong><\/h4>\n<\/div><\/div><\/div><\/div><\/div><\/div><\/div><\/section><section class=\"l-section wpb_row height_auto width_full_with_indents\"><div class=\"l-section-h i-cf\"><div class=\"g-cols vc_row via_flex valign_top type_default stacking_default\"><div class=\"vc_col-sm-4 wpb_column vc_column_container\"><div class=\"vc_column-inner\"><div class=\"wpb_wrapper\"><div class=\"w-image imgx1 align_center\"><a href=\"#\" aria-label=\"Restorative-Dentistry\" class=\"w-image-h\"><img decoding=\"async\" width=\"355\" height=\"289\" src=\"https:\/\/i0.wp.com\/www.moonlightdentalcare.com\/wp-content\/uploads\/2026\/03\/Restorative-Dentistry.png?fit=355%2C289&amp;ssl=1\" class=\"attachment-full size-full\" alt=\"\" loading=\"lazy\" srcset=\"https:\/\/i0.wp.com\/www.moonlightdentalcare.com\/wp-content\/uploads\/2026\/03\/Restorative-Dentistry.png?w=355&amp;ssl=1 355w, https:\/\/i0.wp.com\/www.moonlightdentalcare.com\/wp-content\/uploads\/2026\/03\/Restorative-Dentistry.png?resize=300%2C244&amp;ssl=1 300w\" sizes=\"auto, (max-width: 355px) 100vw, 355px\" \/><\/a><\/div><div class=\"wpb_text_column\"><div class=\"wpb_wrapper\"><h4 style=\"text-align: center;\"><strong>Restauradora<\/strong><\/h4>\n<\/div><\/div><\/div><\/div><\/div><div class=\"vc_col-sm-4 wpb_column vc_column_container\"><div class=\"vc_column-inner\"><div class=\"wpb_wrapper\"><div class=\"w-image imgx1 align_center\"><a href=\"#\" aria-label=\"Periodontal\" class=\"w-image-h\"><img decoding=\"async\" width=\"355\" height=\"289\" src=\"https:\/\/i0.wp.com\/www.moonlightdentalcare.com\/wp-content\/uploads\/2026\/03\/Periodontal.png?fit=355%2C289&amp;ssl=1\" class=\"attachment-full size-full\" alt=\"\" loading=\"lazy\" srcset=\"https:\/\/i0.wp.com\/www.moonlightdentalcare.com\/wp-content\/uploads\/2026\/03\/Periodontal.png?w=355&amp;ssl=1 355w, https:\/\/i0.wp.com\/www.moonlightdentalcare.com\/wp-content\/uploads\/2026\/03\/Periodontal.png?resize=300%2C244&amp;ssl=1 300w\" sizes=\"auto, (max-width: 355px) 100vw, 355px\" \/><\/a><\/div><div class=\"wpb_text_column\"><div class=\"wpb_wrapper\"><h4 style=\"text-align: center;\"><strong>Periodontal<\/strong><\/h4>\n<\/div><\/div><\/div><\/div><\/div><div class=\"vc_col-sm-4 wpb_column vc_column_container\"><div class=\"vc_column-inner\"><div class=\"wpb_wrapper\"><div class=\"w-image imgx1 align_center\"><a href=\"#\" aria-label=\"Endodontic\" class=\"w-image-h\"><img decoding=\"async\" width=\"355\" height=\"289\" src=\"https:\/\/i0.wp.com\/www.moonlightdentalcare.com\/wp-content\/uploads\/2026\/03\/Endodontic.png?fit=355%2C289&amp;ssl=1\" class=\"attachment-full size-full\" alt=\"\" loading=\"lazy\" srcset=\"https:\/\/i0.wp.com\/www.moonlightdentalcare.com\/wp-content\/uploads\/2026\/03\/Endodontic.png?w=355&amp;ssl=1 355w, https:\/\/i0.wp.com\/www.moonlightdentalcare.com\/wp-content\/uploads\/2026\/03\/Endodontic.png?resize=300%2C244&amp;ssl=1 300w\" sizes=\"auto, (max-width: 355px) 100vw, 355px\" \/><\/a><\/div><div class=\"wpb_text_column\"><div class=\"wpb_wrapper\"><h4 style=\"text-align: center;\"><strong>Endodoncia<\/strong><\/h4>\n<\/div><\/div><\/div><\/div><\/div><\/div><\/div><\/section><section class=\"l-section wpb_row height_small\"><div class=\"l-section-h i-cf\"><div class=\"g-cols vc_row via_flex valign_top type_default stacking_default\"><div class=\"vc_col-sm-12 wpb_column vc_column_container\"><div class=\"vc_column-inner\"><div class=\"wpb_wrapper\"><\/div><\/div><\/div><\/div><\/div><\/section><section class=\"l-section wpb_row height_auto with_img\"><div class=\"l-section-img\" role=\"img\" aria-label=\"Imagen\" data-img-width=\"1712\" data-img-height=\"659\" style=\"background-image: url(https:\/\/i0.wp.com\/www.moonlightdentalcare.com\/wp-content\/uploads\/2026\/02\/service-1.jpg.webp?fit=1712%2C659&#038;ssl=1);background-repeat: no-repeat;\"><\/div><div class=\"l-section-h i-cf\"><div class=\"g-cols vc_row via_flex valign_middle type_boxes stacking_default\"><div class=\"vc_col-sm-6 wpb_column vc_column_container\"><div class=\"vc_column-inner\"><div class=\"wpb_wrapper\"><\/div><\/div><\/div><div class=\"vc_col-sm-6 wpb_column vc_column_container has_bg_color stretched\"><div class=\"vc_column-inner us_custom_0338cb4a\"><div class=\"wpb_wrapper\">[vc_custom_heading text=\u00bb\u00bfQu\u00e9 ocurre durante un examen y una limpieza dental?\u00bb use_theme_fonts=\u00bbyes\u00bb el_class=\u00bbh2t3&#8243;]<div class=\"wpb_text_column txtx2\"><div class=\"wpb_wrapper\"><p>Durante su visita rutinaria, nosotros:<\/p>\n<ul>\n<li>Eliminaremos la placa y el sarro problem\u00e1ticos de sus dientes<\/li>\n<li>Utilizaremos tecnolog\u00eda dental de vanguardia, como radiograf\u00edas digitales y c\u00e1maras intraorales, para identificar las caries cuando a\u00fan son peque\u00f1as y f\u00e1ciles de tratar con un empaste dental<\/li>\n<li>Realizaremos revisiones para detectar enfermedades de las enc\u00edas y c\u00e1ncer oral<\/li>\n<li>Sugeriremos cuidados preventivos como selladores dentales o aplicaciones de fl\u00faor para mantener sus dientes sanos<\/li>\n<li>Utilizaremos un gel y enjuagues especiales para que sus limpiezas dentales sean m\u00e1s c\u00f3modas<\/li>\n<li>Le invitaremos a relajarse con comodidades como auriculares y almohadas<\/li>\n<\/ul>\n<\/div><\/div><\/div><\/div><\/div><\/div><\/div><\/section>\n","protected":false},"excerpt":{"rendered":"[vc_custom_heading text=\"Limpiezas y ex\u00e1menes dentales\" font_container=\"tag:h1|text_align:center\" use_theme_fonts=\"yes\" el_class=\"h1t1\"][vc_custom_heading text=\"\u00a1en Gardner, KS!\" font_container=\"tag:h3|text_align:center\" use_theme_fonts=\"yes\" el_class=\"h3t2\"]Cuando se trata de mantener una salud bucodental \u00f3ptima, lo m\u00e1s importante que puede hacer es cepillarse los dientes y usar hilo dental todos los d\u00edas. Sin embargo, aunque sea diligente con su higiene bucal, es posible que no detecte bacterias que...","protected":false},"author":2,"featured_media":0,"parent":0,"menu_order":0,"comment_status":"closed","ping_status":"closed","template":"","meta":{"footnotes":""},"class_list":["post-266","page","type-page","status-publish","hentry"],"yoast_head":"<!-- This site is optimized with the Yoast SEO plugin v27.2 - https:\/\/yoast.com\/product\/yoast-seo-wordpress\/ -->\n<title>Servicios - Moonlight Dental<\/title>\n<meta name=\"robots\" content=\"index, follow, max-snippet:-1, max-image-preview:large, max-video-preview:-1\" \/>\n<link rel=\"canonical\" href=\"https:\/\/www.moonlightdentalcare.com\/es\/servicios\/\" \/>\n<meta property=\"og:locale\" content=\"es_ES\" \/>\n<meta property=\"og:type\" content=\"article\" \/>\n<meta property=\"og:title\" content=\"Servicios - Moonlight Dental\" \/>\n<meta property=\"og:url\" content=\"https:\/\/www.moonlightdentalcare.com\/es\/servicios\/\" \/>\n<meta property=\"og:site_name\" content=\"Moonlight Dental\" \/>\n<meta property=\"article:modified_time\" content=\"2026-04-22T01:00:51+00:00\" \/>\n<meta name=\"twitter:card\" content=\"summary_large_image\" \/>\n<meta name=\"twitter:label1\" content=\"Tiempo de lectura\" \/>\n\t<meta name=\"twitter:data1\" content=\"6 minutos\" \/>\n<script type=\"application\/ld+json\" class=\"yoast-schema-graph\">{\"@context\":\"https:\/\/schema.org\",\"@graph\":[{\"@type\":\"WebPage\",\"@id\":\"https:\/\/www.moonlightdentalcare.com\/es\/servicios\/\",\"url\":\"https:\/\/www.moonlightdentalcare.com\/es\/servicios\/\",\"name\":\"Servicios - Moonlight Dental\",\"isPartOf\":{\"@id\":\"https:\/\/www.moonlightdentalcare.com\/es\/#website\"},\"datePublished\":\"2026-02-04T04:42:40+00:00\",\"dateModified\":\"2026-04-22T01:00:51+00:00\",\"breadcrumb\":{\"@id\":\"https:\/\/www.moonlightdentalcare.com\/es\/servicios\/#breadcrumb\"},\"inLanguage\":\"es\",\"potentialAction\":[{\"@type\":\"ReadAction\",\"target\":[\"https:\/\/www.moonlightdentalcare.com\/es\/servicios\/\"]}]},{\"@type\":\"BreadcrumbList\",\"@id\":\"https:\/\/www.moonlightdentalcare.com\/es\/servicios\/#breadcrumb\",\"itemListElement\":[{\"@type\":\"ListItem\",\"position\":1,\"name\":\"Home\",\"item\":\"https:\/\/www.moonlightdentalcare.com\/es\/inicio\/\"},{\"@type\":\"ListItem\",\"position\":2,\"name\":\"Servicios\"}]},{\"@type\":\"WebSite\",\"@id\":\"https:\/\/www.moonlightdentalcare.com\/es\/#website\",\"url\":\"https:\/\/www.moonlightdentalcare.com\/es\/\",\"name\":\"Moonlight Dental\",\"description\":\"\",\"potentialAction\":[{\"@type\":\"SearchAction\",\"target\":{\"@type\":\"EntryPoint\",\"urlTemplate\":\"https:\/\/www.moonlightdentalcare.com\/es\/?s={search_term_string}\"},\"query-input\":{\"@type\":\"PropertyValueSpecification\",\"valueRequired\":true,\"valueName\":\"search_term_string\"}}],\"inLanguage\":\"es\"}]}<\/script>\n<!-- \/ Yoast SEO plugin. -->","yoast_head_json":{"title":"Servicios - Moonlight Dental","robots":{"index":"index","follow":"follow","max-snippet":"max-snippet:-1","max-image-preview":"max-image-preview:large","max-video-preview":"max-video-preview:-1"},"canonical":"https:\/\/www.moonlightdentalcare.com\/es\/servicios\/","og_locale":"es_ES","og_type":"article","og_title":"Servicios - Moonlight Dental","og_url":"https:\/\/www.moonlightdentalcare.com\/es\/servicios\/","og_site_name":"Moonlight Dental","article_modified_time":"2026-04-22T01:00:51+00:00","twitter_card":"summary_large_image","twitter_misc":{"Tiempo de lectura":"6 minutos"},"schema":{"@context":"https:\/\/schema.org","@graph":[{"@type":"WebPage","@id":"https:\/\/www.moonlightdentalcare.com\/es\/servicios\/","url":"https:\/\/www.moonlightdentalcare.com\/es\/servicios\/","name":"Servicios - Moonlight Dental","isPartOf":{"@id":"https:\/\/www.moonlightdentalcare.com\/es\/#website"},"datePublished":"2026-02-04T04:42:40+00:00","dateModified":"2026-04-22T01:00:51+00:00","breadcrumb":{"@id":"https:\/\/www.moonlightdentalcare.com\/es\/servicios\/#breadcrumb"},"inLanguage":"es","potentialAction":[{"@type":"ReadAction","target":["https:\/\/www.moonlightdentalcare.com\/es\/servicios\/"]}]},{"@type":"BreadcrumbList","@id":"https:\/\/www.moonlightdentalcare.com\/es\/servicios\/#breadcrumb","itemListElement":[{"@type":"ListItem","position":1,"name":"Home","item":"https:\/\/www.moonlightdentalcare.com\/es\/inicio\/"},{"@type":"ListItem","position":2,"name":"Servicios"}]},{"@type":"WebSite","@id":"https:\/\/www.moonlightdentalcare.com\/es\/#website","url":"https:\/\/www.moonlightdentalcare.com\/es\/","name":"Moonlight Dental","description":"","potentialAction":[{"@type":"SearchAction","target":{"@type":"EntryPoint","urlTemplate":"https:\/\/www.moonlightdentalcare.com\/es\/?s={search_term_string}"},"query-input":{"@type":"PropertyValueSpecification","valueRequired":true,"valueName":"search_term_string"}}],"inLanguage":"es"}]}},"_links":{"self":[{"href":"https:\/\/www.moonlightdentalcare.com\/es\/wp-json\/wp\/v2\/pages\/266","targetHints":{"allow":["GET"]}}],"collection":[{"href":"https:\/\/www.moonlightdentalcare.com\/es\/wp-json\/wp\/v2\/pages"}],"about":[{"href":"https:\/\/www.moonlightdentalcare.com\/es\/wp-json\/wp\/v2\/types\/page"}],"author":[{"embeddable":true,"href":"https:\/\/www.moonlightdentalcare.com\/es\/wp-json\/wp\/v2\/users\/2"}],"replies":[{"embeddable":true,"href":"https:\/\/www.moonlightdentalcare.com\/es\/wp-json\/wp\/v2\/comments?post=266"}],"version-history":[{"count":2,"href":"https:\/\/www.moonlightdentalcare.com\/es\/wp-json\/wp\/v2\/pages\/266\/revisions"}],"predecessor-version":[{"id":291,"href":"https:\/\/www.moonlightdentalcare.com\/es\/wp-json\/wp\/v2\/pages\/266\/revisions\/291"}],"wp:attachment":[{"href":"https:\/\/www.moonlightdentalcare.com\/es\/wp-json\/wp\/v2\/media?parent=266"}],"curies":[{"name":"wp","href":"https:\/\/api.w.org\/{rel}","templated":true}]}}