{"id":255,"date":"2026-02-04T04:41:29","date_gmt":"2026-02-04T04:41:29","guid":{"rendered":"https:\/\/www.moonlightdentalcare.com\/inicio\/"},"modified":"2026-04-22T01:00:51","modified_gmt":"2026-04-22T01:00:51","slug":"inicio","status":"publish","type":"page","link":"https:\/\/www.moonlightdentalcare.com\/es\/","title":{"rendered":"Inicio"},"content":{"rendered":"<section class=\"l-section wpb_row height_medium\"><div class=\"l-section-h i-cf\"><div class=\"g-cols vc_row via_flex valign_top type_default stacking_default\"><div class=\"vc_col-sm-12 wpb_column vc_column_container\"><div class=\"vc_column-inner\"><div class=\"wpb_wrapper\"><div class=\"w-image align_center\"><div class=\"w-image-h\"><img decoding=\"async\" width=\"1943\" height=\"514\" src=\"https:\/\/i0.wp.com\/www.moonlightdentalcare.com\/wp-content\/uploads\/2026\/03\/MoonlightDentalLogo_Final.png?fit=1943%2C514&amp;ssl=1\" class=\"attachment-full size-full\" alt=\"\" loading=\"lazy\" srcset=\"https:\/\/i0.wp.com\/www.moonlightdentalcare.com\/wp-content\/uploads\/2026\/03\/MoonlightDentalLogo_Final.png?w=1943&amp;ssl=1 1943w, https:\/\/i0.wp.com\/www.moonlightdentalcare.com\/wp-content\/uploads\/2026\/03\/MoonlightDentalLogo_Final.png?resize=300%2C79&amp;ssl=1 300w, https:\/\/i0.wp.com\/www.moonlightdentalcare.com\/wp-content\/uploads\/2026\/03\/MoonlightDentalLogo_Final.png?resize=1024%2C271&amp;ssl=1 1024w\" sizes=\"auto, (max-width: 1200px) 100vw, 1200px\" \/><\/div><\/div><\/div><\/div><\/div><\/div><\/div><\/section><section class=\"l-section wpb_row height_medium\"><div class=\"l-section-h i-cf\"><div class=\"g-cols vc_row via_flex valign_top type_default stacking_default\"><div class=\"vc_col-sm-12 wpb_column vc_column_container\"><div class=\"vc_column-inner\"><div class=\"wpb_wrapper\">[vc_custom_heading text=\u00bbBienvenido a Moonlight Dental\u00bb font_container=\u00bbtag:h1|text_align:center\u00bb use_theme_fonts=\u00bbyes\u00bb el_class=\u00bbh1t1&#8243;][vc_custom_heading text=\u00bben Gardner, KS\u00bb font_container=\u00bbtag:h3|text_align:center\u00bb use_theme_fonts=\u00bbyes\u00bb el_class=\u00bbh3t2&#8243;]<div class=\"g-cols wpb_row via_flex valign_top type_default stacking_default\"><div class=\"vc_col-sm-6 wpb_column vc_column_container\"><div class=\"vc_column-inner\"><div class=\"wpb_wrapper\"><div class=\"wpb_text_column us_custom_eb849559 txtx1\"><div class=\"wpb_wrapper\"><p>En Moonlight Dental, nos enorgullece ser una cl\u00ednica de propiedad local y gesti\u00f3n familiar dedicada a ofrecer odontolog\u00eda general de alta calidad en un entorno c\u00f3modo y cercano. Aceptamos la mayor\u00eda de los seguros (incluido Medicaid). Nuestro equipo cree en tratar a cada paciente como si fuera de la familia, dedicando tiempo a escuchar, educar y crear planes de tratamiento personalizados que fomenten una salud bucodental de por vida. Desde limpiezas rutinarias y cuidados preventivos hasta tratamientos restauradores, nos comprometemos a ayudar a nuestra comunidad a sonre\u00edr con confianza. En Moonlight Dental, su comodidad, confianza y bienestar son siempre nuestras prioridades principales.<\/p>\n<\/div><\/div><\/div><\/div><\/div><div class=\"vc_col-sm-6 wpb_column vc_column_container\"><div class=\"vc_column-inner\"><div class=\"wpb_wrapper\"><div class=\"w-image align_center\"><div class=\"w-image-h\"><img decoding=\"async\" width=\"900\" height=\"600\" src=\"https:\/\/i0.wp.com\/www.moonlightdentalcare.com\/wp-content\/uploads\/2026\/03\/bigstock-Portrait-Of-Hispanic-Family-In-62481197.jpg?fit=900%2C600&amp;ssl=1\" class=\"attachment-large size-large\" alt=\"\" loading=\"lazy\" srcset=\"https:\/\/i0.wp.com\/www.moonlightdentalcare.com\/wp-content\/uploads\/2026\/03\/bigstock-Portrait-Of-Hispanic-Family-In-62481197.jpg?w=900&amp;ssl=1 900w, https:\/\/i0.wp.com\/www.moonlightdentalcare.com\/wp-content\/uploads\/2026\/03\/bigstock-Portrait-Of-Hispanic-Family-In-62481197.jpg?resize=300%2C200&amp;ssl=1 300w\" sizes=\"auto, (max-width: 900px) 100vw, 900px\" \/><\/div><\/div><\/div><\/div><\/div><\/div><div class=\"w-separator size_small\"><\/div><div class=\"w-hwrapper valign_top align_center\"><div class=\"w-btn-wrapper align_center\"><a class=\"w-btn us-btn-style_1\" href=\"https:\/\/www.moonlightdentalcare.com\/es\/contacto\/\"><span class=\"w-btn-label\">Reserve ahora<\/span><\/a><\/div><\/div><\/div><\/div><\/div><\/div><\/div><\/section><section class=\"l-section wpb_row us_custom_9d5325e5 has_text_color height_medium with_img parallax_fixed\"><div class=\"l-section-img\" role=\"img\" aria-label=\"Imagen\" data-img-width=\"1707\" data-img-height=\"1086\" style=\"background-image: url(https:\/\/i0.wp.com\/www.moonlightdentalcare.com\/wp-content\/uploads\/2026\/02\/blue-bg.jpg?fit=1707%2C1086&#038;ssl=1);\"><\/div><div class=\"l-section-h i-cf\"><div class=\"g-cols vc_row via_flex valign_top type_default stacking_default\"><div class=\"vc_col-sm-12 wpb_column vc_column_container\"><div class=\"vc_column-inner\"><div class=\"wpb_wrapper\">[vc_custom_heading text=\u00bbConozca al dentista\u00bb font_container=\u00bbtag:h2|text_align:center\u00bb use_theme_fonts=\u00bbyes\u00bb el_class=\u00bbh2t4 h2t3&#8243; css=\u00bb%7B%22default%22%3A%7B%22margin-bottom%22%3A%220px%22%7D%7D\u00bb]<div class=\"w-separator size_small\"><\/div><div class=\"g-cols wpb_row via_flex valign_top type_default stacking_default\"><div class=\"vc_col-sm-2 wpb_column vc_column_container\"><div class=\"vc_column-inner\"><div class=\"wpb_wrapper\"><\/div><\/div><\/div><div class=\"vc_col-sm-8 wpb_column vc_column_container\"><div class=\"vc_column-inner\"><div class=\"wpb_wrapper\"><div class=\"w-image us_custom_bff0f329 style_circle align_center\"><div class=\"w-image-h\"><img decoding=\"async\" width=\"1495\" height=\"1390\" src=\"https:\/\/i0.wp.com\/www.moonlightdentalcare.com\/wp-content\/uploads\/2026\/03\/Tingey.jpg?fit=1495%2C1390&amp;ssl=1\" class=\"attachment-full size-full\" alt=\"\" loading=\"lazy\" srcset=\"https:\/\/i0.wp.com\/www.moonlightdentalcare.com\/wp-content\/uploads\/2026\/03\/Tingey.jpg?w=1495&amp;ssl=1 1495w, https:\/\/i0.wp.com\/www.moonlightdentalcare.com\/wp-content\/uploads\/2026\/03\/Tingey.jpg?resize=300%2C279&amp;ssl=1 300w, https:\/\/i0.wp.com\/www.moonlightdentalcare.com\/wp-content\/uploads\/2026\/03\/Tingey.jpg?resize=1024%2C952&amp;ssl=1 1024w\" sizes=\"auto, (max-width: 1200px) 100vw, 1200px\" \/><\/div><\/div><div class=\"w-separator size_small\"><\/div><div class=\"wpb_text_column\"><div class=\"wpb_wrapper\"><p>Matt Tingey, originario de Kansas City, obtuvo su t\u00edtulo de grado en la Universidad de Utah antes de completar su formaci\u00f3n odontol\u00f3gica en la Facultad de Odontolog\u00eda de la Universidad Marquette<span> en Milwaukee, Wisconsin. Le apasiona promover la salud bucodental de por vida a trav\u00e9s de la odontolog\u00eda preventiva y restauradora, y se dedica a ayudar a los pacientes a lograr sonrisas sanas y seguras.<\/span><\/p>\n<p>El Dr. Tingey cree que una atenci\u00f3n dental de calidad comienza por escuchar, educar y crear planes de tratamiento personalizados adaptados a las necesidades de cada paciente. Su compromiso con la comodidad del paciente y el bienestar a largo plazo es el n\u00facleo de su filosof\u00eda de pr\u00e1ctica profesional. <\/p>\n<p>Fuera de la consulta, el Dr. Tingey es un orgulloso esposo y padre de cinco hijos maravillosos. Le encanta pasar tiempo al aire libre<span> y valora cada oportunidad de estar con su familia.<\/span><\/p>\n<\/div><\/div><\/div><\/div><\/div><div class=\"vc_col-sm-2 wpb_column vc_column_container\"><div class=\"vc_column-inner\"><div class=\"wpb_wrapper\"><\/div><\/div><\/div><\/div><div class=\"w-separator size_small\"><\/div><div class=\"w-btn-wrapper align_center\"><a class=\"w-btn us-btn-style_4\" href=\"https:\/\/www.moonlightdentalcare.com\/meet-the-dentist\/\"><span class=\"w-btn-label\">Conozca al dentista<\/span><\/a><\/div><\/div><\/div><\/div><\/div><\/div><\/section>\n","protected":false},"excerpt":{"rendered":"[vc_custom_heading text=\"Bienvenido a Moonlight Dental\" font_container=\"tag:h1|text_align:center\" use_theme_fonts=\"yes\" el_class=\"h1t1\"][vc_custom_heading text=\"en Gardner, KS\" font_container=\"tag:h3|text_align:center\" use_theme_fonts=\"yes\" el_class=\"h3t2\"]En Moonlight Dental, nos enorgullece ser una cl\u00ednica de propiedad local y gesti\u00f3n familiar dedicada a ofrecer odontolog\u00eda general de alta calidad en un entorno c\u00f3modo y cercano. Aceptamos la mayor\u00eda de los seguros (incluido Medicaid). Nuestro equipo cree en tratar a...","protected":false},"author":2,"featured_media":0,"parent":0,"menu_order":0,"comment_status":"closed","ping_status":"closed","template":"","meta":{"footnotes":""},"class_list":["post-255","page","type-page","status-publish","hentry"],"yoast_head":"<!-- This site is optimized with the Yoast SEO plugin v27.2 - https:\/\/yoast.com\/product\/yoast-seo-wordpress\/ -->\n<title>Inicio - Moonlight Dental<\/title>\n<meta name=\"robots\" content=\"index, follow, max-snippet:-1, max-image-preview:large, max-video-preview:-1\" \/>\n<link rel=\"canonical\" href=\"https:\/\/www.moonlightdentalcare.com\/es\/\" \/>\n<meta property=\"og:locale\" content=\"es_ES\" \/>\n<meta property=\"og:type\" content=\"article\" \/>\n<meta property=\"og:title\" content=\"Inicio - Moonlight Dental\" \/>\n<meta property=\"og:url\" content=\"https:\/\/www.moonlightdentalcare.com\/es\/\" \/>\n<meta property=\"og:site_name\" content=\"Moonlight Dental\" \/>\n<meta property=\"article:modified_time\" content=\"2026-04-22T01:00:51+00:00\" \/>\n<meta name=\"twitter:card\" content=\"summary_large_image\" \/>\n<meta name=\"twitter:label1\" content=\"Tiempo de lectura\" \/>\n\t<meta name=\"twitter:data1\" content=\"7 minutos\" \/>\n<script type=\"application\/ld+json\" class=\"yoast-schema-graph\">{\"@context\":\"https:\/\/schema.org\",\"@graph\":[{\"@type\":\"WebPage\",\"@id\":\"https:\/\/www.moonlightdentalcare.com\/es\/\",\"url\":\"https:\/\/www.moonlightdentalcare.com\/es\/\",\"name\":\"Inicio - Moonlight Dental\",\"isPartOf\":{\"@id\":\"https:\/\/www.moonlightdentalcare.com\/es\/#website\"},\"datePublished\":\"2026-02-04T04:41:29+00:00\",\"dateModified\":\"2026-04-22T01:00:51+00:00\",\"breadcrumb\":{\"@id\":\"https:\/\/www.moonlightdentalcare.com\/es\/#breadcrumb\"},\"inLanguage\":\"es\",\"potentialAction\":[{\"@type\":\"ReadAction\",\"target\":[\"https:\/\/www.moonlightdentalcare.com\/es\/\"]}]},{\"@type\":\"BreadcrumbList\",\"@id\":\"https:\/\/www.moonlightdentalcare.com\/es\/#breadcrumb\",\"itemListElement\":[{\"@type\":\"ListItem\",\"position\":1,\"name\":\"Home\",\"item\":\"https:\/\/www.moonlightdentalcare.com\/es\/inicio\/\"},{\"@type\":\"ListItem\",\"position\":2,\"name\":\"Inicio\"}]},{\"@type\":\"WebSite\",\"@id\":\"https:\/\/www.moonlightdentalcare.com\/es\/#website\",\"url\":\"https:\/\/www.moonlightdentalcare.com\/es\/\",\"name\":\"Moonlight Dental\",\"description\":\"\",\"potentialAction\":[{\"@type\":\"SearchAction\",\"target\":{\"@type\":\"EntryPoint\",\"urlTemplate\":\"https:\/\/www.moonlightdentalcare.com\/es\/?s={search_term_string}\"},\"query-input\":{\"@type\":\"PropertyValueSpecification\",\"valueRequired\":true,\"valueName\":\"search_term_string\"}}],\"inLanguage\":\"es\"}]}<\/script>\n<!-- \/ Yoast SEO plugin. -->","yoast_head_json":{"title":"Inicio - Moonlight Dental","robots":{"index":"index","follow":"follow","max-snippet":"max-snippet:-1","max-image-preview":"max-image-preview:large","max-video-preview":"max-video-preview:-1"},"canonical":"https:\/\/www.moonlightdentalcare.com\/es\/","og_locale":"es_ES","og_type":"article","og_title":"Inicio - Moonlight Dental","og_url":"https:\/\/www.moonlightdentalcare.com\/es\/","og_site_name":"Moonlight Dental","article_modified_time":"2026-04-22T01:00:51+00:00","twitter_card":"summary_large_image","twitter_misc":{"Tiempo de lectura":"7 minutos"},"schema":{"@context":"https:\/\/schema.org","@graph":[{"@type":"WebPage","@id":"https:\/\/www.moonlightdentalcare.com\/es\/","url":"https:\/\/www.moonlightdentalcare.com\/es\/","name":"Inicio - Moonlight Dental","isPartOf":{"@id":"https:\/\/www.moonlightdentalcare.com\/es\/#website"},"datePublished":"2026-02-04T04:41:29+00:00","dateModified":"2026-04-22T01:00:51+00:00","breadcrumb":{"@id":"https:\/\/www.moonlightdentalcare.com\/es\/#breadcrumb"},"inLanguage":"es","potentialAction":[{"@type":"ReadAction","target":["https:\/\/www.moonlightdentalcare.com\/es\/"]}]},{"@type":"BreadcrumbList","@id":"https:\/\/www.moonlightdentalcare.com\/es\/#breadcrumb","itemListElement":[{"@type":"ListItem","position":1,"name":"Home","item":"https:\/\/www.moonlightdentalcare.com\/es\/inicio\/"},{"@type":"ListItem","position":2,"name":"Inicio"}]},{"@type":"WebSite","@id":"https:\/\/www.moonlightdentalcare.com\/es\/#website","url":"https:\/\/www.moonlightdentalcare.com\/es\/","name":"Moonlight Dental","description":"","potentialAction":[{"@type":"SearchAction","target":{"@type":"EntryPoint","urlTemplate":"https:\/\/www.moonlightdentalcare.com\/es\/?s={search_term_string}"},"query-input":{"@type":"PropertyValueSpecification","valueRequired":true,"valueName":"search_term_string"}}],"inLanguage":"es"}]}},"_links":{"self":[{"href":"https:\/\/www.moonlightdentalcare.com\/es\/wp-json\/wp\/v2\/pages\/255","targetHints":{"allow":["GET"]}}],"collection":[{"href":"https:\/\/www.moonlightdentalcare.com\/es\/wp-json\/wp\/v2\/pages"}],"about":[{"href":"https:\/\/www.moonlightdentalcare.com\/es\/wp-json\/wp\/v2\/types\/page"}],"author":[{"embeddable":true,"href":"https:\/\/www.moonlightdentalcare.com\/es\/wp-json\/wp\/v2\/users\/2"}],"replies":[{"embeddable":true,"href":"https:\/\/www.moonlightdentalcare.com\/es\/wp-json\/wp\/v2\/comments?post=255"}],"version-history":[{"count":10,"href":"https:\/\/www.moonlightdentalcare.com\/es\/wp-json\/wp\/v2\/pages\/255\/revisions"}],"predecessor-version":[{"id":290,"href":"https:\/\/www.moonlightdentalcare.com\/es\/wp-json\/wp\/v2\/pages\/255\/revisions\/290"}],"wp:attachment":[{"href":"https:\/\/www.moonlightdentalcare.com\/es\/wp-json\/wp\/v2\/media?parent=255"}],"curies":[{"name":"wp","href":"https:\/\/api.w.org\/{rel}","templated":true}]}}